{"id":299,"date":"2024-08-02T17:29:06","date_gmt":"2024-08-02T17:29:06","guid":{"rendered":"https:\/\/artistsymphoniewien.com\/?page_id=299"},"modified":"2024-08-02T18:11:37","modified_gmt":"2024-08-02T18:11:37","slug":"terms-conditions","status":"publish","type":"page","link":"https:\/\/artistsymphoniewien.com\/de\/terms-conditions\/","title":{"rendered":"Allgemeine Gesch\u00e4ftsbedingungen"},"content":{"rendered":"<div data-elementor-type=\"wp-page\" data-elementor-id=\"299\" class=\"elementor elementor-299\" data-elementor-post-type=\"page\">\n\t\t\t\t\t\t<section class=\"elementor-section elementor-top-section elementor-element elementor-element-653390d elementor-section-boxed elementor-section-height-default elementor-section-height-default\" data-id=\"653390d\" data-element_type=\"section\" data-e-type=\"section\" data-settings=\"{&quot;background_background&quot;:&quot;classic&quot;}\">\n\t\t\t\t\t\t<div class=\"elementor-container elementor-column-gap-default\">\n\t\t\t\t\t<div class=\"elementor-column elementor-col-100 elementor-top-column elementor-element elementor-element-6b07159\" data-id=\"6b07159\" data-element_type=\"column\" data-e-type=\"column\">\n\t\t\t<div class=\"elementor-widget-wrap elementor-element-populated\">\n\t\t\t\t\t\t<section class=\"elementor-section elementor-inner-section elementor-element elementor-element-75fbb02 elementor-section-boxed elementor-section-height-default elementor-section-height-default\" data-id=\"75fbb02\" data-element_type=\"section\" data-e-type=\"section\">\n\t\t\t\t\t\t<div class=\"elementor-container elementor-column-gap-default\">\n\t\t\t\t\t<div class=\"elementor-column elementor-col-100 elementor-inner-column elementor-element elementor-element-969d09f\" data-id=\"969d09f\" data-element_type=\"column\" data-e-type=\"column\">\n\t\t\t<div class=\"elementor-widget-wrap elementor-element-populated\">\n\t\t\t\t\t\t<div class=\"elementor-element elementor-element-5fcffb6 elementor-widget elementor-widget-heading\" data-id=\"5fcffb6\" data-element_type=\"widget\" data-e-type=\"widget\" data-widget_type=\"heading.default\">\n\t\t\t\t<div class=\"elementor-widget-container\">\n\t\t\t\t\t<h2 class=\"elementor-heading-title elementor-size-default\">Allgemeine Gesch\u00e4ftsbedingungen<\/h2>\t\t\t\t<\/div>\n\t\t\t\t<\/div>\n\t\t\t\t\t<\/div>\n\t\t<\/div>\n\t\t\t\t\t<\/div>\n\t\t<\/section>\n\t\t\t\t\t<\/div>\n\t\t<\/div>\n\t\t\t\t\t<\/div>\n\t\t<\/section>\n\t\t\t\t<section class=\"elementor-section elementor-top-section elementor-element elementor-element-8050c45 elementor-section-boxed elementor-section-height-default elementor-section-height-default\" data-id=\"8050c45\" data-element_type=\"section\" data-e-type=\"section\">\n\t\t\t\t\t\t<div class=\"elementor-container elementor-column-gap-default\">\n\t\t\t\t\t<div class=\"elementor-column elementor-col-100 elementor-top-column elementor-element elementor-element-736c58b\" data-id=\"736c58b\" data-element_type=\"column\" data-e-type=\"column\">\n\t\t\t<div class=\"elementor-widget-wrap elementor-element-populated\">\n\t\t\t\t\t\t<section class=\"elementor-section elementor-inner-section elementor-element elementor-element-4a0809c elementor-section-boxed elementor-section-height-default elementor-section-height-default\" data-id=\"4a0809c\" data-element_type=\"section\" data-e-type=\"section\">\n\t\t\t\t\t\t<div class=\"elementor-container elementor-column-gap-default\">\n\t\t\t\t\t<div class=\"elementor-column elementor-col-100 elementor-inner-column elementor-element elementor-element-7db81cc\" data-id=\"7db81cc\" data-element_type=\"column\" data-e-type=\"column\">\n\t\t\t<div class=\"elementor-widget-wrap elementor-element-populated\">\n\t\t\t\t\t\t<div class=\"elementor-element elementor-element-ecd8f9f elementor-widget elementor-widget-text-editor\" data-id=\"ecd8f9f\" data-element_type=\"widget\" data-e-type=\"widget\" data-widget_type=\"text-editor.default\">\n\t\t\t\t<div class=\"elementor-widget-container\">\n\t\t\t\t\t\t\t\t\t<p>Willkommen bei Artist Symphonie Wien!<\/p>\n<p>Diese Gesch\u00e4ftsbedingungen legen die Regeln und Vorschriften f\u00fcr die Nutzung der Website von Symphonie fest, die sich unter folgender Adresse befindet:&nbsp;<a href=\"http:\/\/artistsymphoniewien.com\/de\/\" style=\"font-style: inherit; font-weight: inherit;\">artistsymphoniewien.com<\/a><\/p>\n<p>Durch den Zugriff auf diese Website gehen wir davon aus, dass Sie diese Gesch\u00e4ftsbedingungen akzeptieren. Setzen Sie die Nutzung von&nbsp;<span style=\"color: var( --e-global-color-0613bf5 ); background-color: var(--ast-global-color-5);\">Symphonie<\/span><span style=\"font-style: inherit; font-weight: inherit; color: var( --e-global-color-0613bf5 ); background-color: var(--ast-global-color-5);\">&nbsp;if you do not agree to take all of the terms and conditions stated on this page.<\/span><\/p>\n<p>Die folgende Terminologie gilt f\u00fcr diese Gesch\u00e4ftsbedingungen, die Datenschutzerkl\u00e4rung und den Haftungsausschluss sowie alle Vereinbarungen: \u201eKunde\u201c, \u201eSie\u201c und \u201eIhr\u201c beziehen sich auf Sie, die Person, die sich auf dieser Website anmeldet und die Gesch\u00e4ftsbedingungen des Unternehmens einh\u00e4lt. \u201eDas Unternehmen\u201c, \u201eWir\u201c, \u201eUnser\u201c und \u201eUns\u201c beziehen sich auf unser Unternehmen. \u201ePartei\u201c, \u201eParteien\u201c oder \u201eUns\u201c beziehen sich sowohl auf den Kunden als auch auf uns. Alle Begriffe beziehen sich auf das Angebot, die Annahme und die Zahlungserbringung, die notwendig sind, um den Prozess unserer Unterst\u00fctzung f\u00fcr den Kunden auf die geeignetste Weise zu \u00fcbernehmen, um den Bed\u00fcrfnissen des Kunden hinsichtlich der Bereitstellung der erkl\u00e4rten Dienstleistungen des Unternehmens zu entsprechen, gem\u00e4\u00df und vorbehaltlich des geltenden Rechts von de. Jede Verwendung der obigen Terminologie oder anderer W\u00f6rter im Singular, Plural, in Gro\u00df- oder Kleinschreibung und\/oder er\/sie oder sie wird als austauschbar betrachtet und bezieht sich daher auf dasselbe.<\/p>\n<h3><strong>Cookies<\/strong><\/h3>\n<p>Wir verwenden Cookies. Durch den Zugriff auf&nbsp;<span style=\"color: var( --e-global-color-0613bf5 ); background-color: var(--ast-global-color-5);\">Symphonie<\/span><span style=\"font-style: inherit; font-weight: inherit; color: var( --e-global-color-0613bf5 ); background-color: var(--ast-global-color-5);\">, stimmen Sie der Verwendung von Cookies gem\u00e4\u00df der&nbsp;<\/span><span style=\"color: var( --e-global-color-0613bf5 ); background-color: var(--ast-global-color-5);\">Symphonie<\/span><span style=\"background-color: var(--ast-global-color-5); color: var( --e-global-color-0613bf5 ); font-style: inherit; font-weight: inherit;\">'s Datenschutzrichtlinie.<\/span><\/p>\n<p>Die meisten interaktiven Websites verwenden Cookies, um die Details der Benutzer bei jedem Besuch abzurufen. Cookies werden von unserer Website verwendet, um die Funktionalit\u00e4t bestimmter Bereiche zu erm\u00f6glichen und den Besuchern unserer Website die Nutzung zu erleichtern. Einige unserer Partner f\u00fcr Werbung und Affiliates k\u00f6nnen ebenfalls Cookies verwenden.<\/p>\n<h3><strong>Lizenz<\/strong><\/h3>\n<p>Sofern nicht anders angegeben,&nbsp;<span style=\"color: var( --e-global-color-0613bf5 ); background-color: var(--ast-global-color-5);\">Symphonie<\/span><span style=\"font-style: inherit; font-weight: inherit; color: var( --e-global-color-0613bf5 ); background-color: var(--ast-global-color-5);\">&nbsp;und\/oder deren Lizenzgeber besitzen die geistigen Eigentumsrechte an allen Materialien auf&nbsp;<\/span><span style=\"color: var( --e-global-color-0613bf5 ); background-color: var(--ast-global-color-5);\">Symphonie<\/span><span style=\"background-color: var(--ast-global-color-5); color: var( --e-global-color-0613bf5 ); font-style: inherit; font-weight: inherit;\">. Alle Rechte am geistigen Eigentum sind vorbehalten. Sie k\u00f6nnen dies von&nbsp;<\/span><span style=\"color: var( --e-global-color-0613bf5 ); background-color: var(--ast-global-color-5);\">Symphonie<\/span><span style=\"background-color: var(--ast-global-color-5); color: var( --e-global-color-0613bf5 ); font-style: inherit; font-weight: inherit;\">&nbsp;f\u00fcr Ihre eigene pers\u00f6nliche Nutzung unter der Beachtung der in diesen Gesch\u00e4ftsbedingungen festgelegten Einschr\u00e4nkungen.<\/span><\/p>\n<p>Sie d\u00fcrfen nicht:<\/p>\n<ul>\n<li>Material von Symphonie erneut ver\u00f6ffentlichen<\/li>\n<li>Material von Symphonie verkaufen, vermieten oder unterlizenzieren<\/li>\n<li>Material von Symphonie reproduzieren, duplizieren oder kopieren<\/li>\n<li>Inhalte von Symphonie weiterverbreiten<\/li>\n<\/ul>\n<p><span style=\"font-style: inherit; font-weight: inherit; color: var( --e-global-color-0613bf5 ); background-color: var(--ast-global-color-5);\">Teile dieser Website bieten den Nutzern die M\u00f6glichkeit, Meinungen und Informationen in bestimmten Bereichen der Website zu posten und auszutauschen. Symphonie filtert, bearbeitet, ver\u00f6ffentlicht oder \u00fcberpr\u00fcft Kommentare nicht vor deren Ver\u00f6ffentlichung auf der Website. Kommentare spiegeln nicht die Ansichten und Meinungen von&nbsp;<\/span><span style=\"font-style: inherit; font-weight: inherit; color: var( --e-global-color-0613bf5 ); background-color: var(--ast-global-color-5);\">Symphonie<\/span><span style=\"font-style: inherit; font-weight: inherit; color: var( --e-global-color-0613bf5 ); background-color: var(--ast-global-color-5);\">, seinen Vertretern und\/oder Partnern wider. Kommentare spiegeln die Ansichten und Meinungen der Person wider, die ihre Ansichten und Meinungen ver\u00f6ffentlicht. Soweit nach geltendem Recht zul\u00e4ssig,&nbsp;<\/span><span style=\"font-style: inherit; font-weight: inherit; color: var( --e-global-color-0613bf5 ); background-color: var(--ast-global-color-5);\">Symphonie<\/span><span style=\"font-style: inherit; font-weight: inherit; color: var( --e-global-color-0613bf5 ); background-color: var(--ast-global-color-5);\">&nbsp;haftet nicht f\u00fcr die Kommentare oder f\u00fcr jegliche Haftung, Sch\u00e4den oder Kosten, die durch die Nutzung und\/oder Ver\u00f6ffentlichung und\/oder das Erscheinen der Kommentare auf dieser Website verursacht und\/oder erlitten werden.<\/span><br><\/p>\n<p><span style=\"color: var( --e-global-color-0613bf5 ); background-color: var(--ast-global-color-5);\">Symphonie<\/span>&nbsp;beh\u00e4lt sich das Recht vor, alle Kommentare zu \u00fcberwachen und Kommentare zu entfernen, die als unangemessen, beleidigend oder als Versto\u00df gegen diese Gesch\u00e4ftsbedingungen angesehen werden k\u00f6nnen.<\/p>\n<p>Sie gew\u00e4hrleisten und versichern, dass:<\/p>\n<ul>\n<li>Sie berechtigt sind, die Kommentare auf unserer Website zu posten und alle erforderlichen Lizenzen und Zustimmungen dazu besitzen;<\/li>\n<li>Die Kommentare keine geistigen Eigentumsrechte verletzen, einschlie\u00dflich, aber nicht beschr\u00e4nkt auf Urheberrechte, Patente oder Markenrechte Dritter;<\/li>\n<li>Die Kommentare keine verleumderischen, diffamierenden, beleidigenden, anst\u00f6\u00dfigen oder anderweitig rechtswidrigen Inhalte enthalten, die eine Verletzung der Privatsph\u00e4re darstellen<\/li>\n<li>Die Kommentare nicht dazu verwendet werden, um Gesch\u00e4ft oder Auftr\u00e4ge zu werben oder kommerzielle Aktivit\u00e4ten oder rechtswidrige Handlungen darzustellen.<\/li>\n<\/ul>\n<p>Hiermit gew\u00e4hren Sie&nbsp;<span style=\"color: var( --e-global-color-0613bf5 ); background-color: var(--ast-global-color-5);\">Symphonie<\/span><span style=\"font-style: inherit; font-weight: inherit; color: var( --e-global-color-0613bf5 ); background-color: var(--ast-global-color-5);\">&nbsp;eine nicht-exklusive Lizenz zur Nutzung, Reproduktion, Bearbeitung und Erlauben, dass andere Ihre Kommentare in jeglicher Form, Format oder Medium verwenden, reproduzieren und bearbeiten.<\/span><\/p>\n<h3><strong>Verlinken auf unsere Inhalte<\/strong><\/h3>\n<p>Die folgenden Organisationen d\u00fcrfen ohne vorherige schriftliche Genehmigung auf unsere Website verlinken:<\/p>\n<ul>\n<li>Beh\u00f6rden;<\/li>\n<li>Suchmaschinen;<\/li>\n<li>Nachrichtenorganisationen;<\/li>\n<li>Online-Verzeichnis-Anbieter d\u00fcrfen auf unsere Website verlinken, ebenso wie sie auf die Websites anderer aufgef\u00fchrter Unternehmen verlinken; und<\/li>\n<li>Systemweit akkreditierte Unternehmen, mit Ausnahme von werbenden gemeinn\u00fctzigen Organisationen, Charity-Shopping-Malls und Wohlt\u00e4tigkeitsfonds, die nicht auf unsere Website verlinken d\u00fcrfen.<\/li>\n<\/ul>\n<p>Diese Organisationen d\u00fcrfen auf unsere Startseite, Publikationen oder andere Informationen der Website verlinken, sofern der Link: (a) nicht irref\u00fchrend ist; (b) nicht f\u00e4lschlicherweise Sponsoring, Unterst\u00fctzung oder Genehmigung der verlinkenden Partei und ihrer Produkte und\/oder Dienstleistungen suggeriert; und (c) im Kontext der Website der verlinkenden Partei passt.<\/p>\n<p>Wir k\u00f6nnen andere Link-Anfragen von folgenden Arten von Organisationen pr\u00fcfen und genehmigen:<\/p>\n<ul>\n<li>allgemein bekannte Verbraucher- und\/oder Gesch\u00e4ftsinformationsquellen<\/li>\n<li>dot.com Community Seiten;<\/li>\n<li>Verb\u00e4nde oder andere Gruppen, die Wohlt\u00e4tigkeitsorganisationen vertreten<\/li>\n<li>Online-Verzeichnisverteiler<\/li>\n<li>Internetportale<\/li>\n<li>Buchhaltungs-, Rechts- und Beratungsgesellschaften; und<\/li>\n<li>Bildungseinrichtungen und Handelsverb\u00e4nde.<\/li>\n<\/ul>\n<p>Wir werden Linkanfragen von diesen Organisationen genehmigen, wenn wir entscheiden, dass: (a) der Link uns oder unseren akkreditierten Unternehmen nicht negativ darstellt; (b) die Organisation keine negativen Aufzeichnungen bei uns hat; (c) der Nutzen, den wir aus der Sichtbarkeit des Hyperlinks ziehen, das Fehlen von&nbsp;<span style=\"color: var( --e-global-color-0613bf5 ); background-color: var(--ast-global-color-5);\">Symphonie<\/span><span style=\"font-style: inherit; font-weight: inherit; color: var( --e-global-color-0613bf5 ); background-color: var(--ast-global-color-5);\">; and (d) the link is in the context of general resource information.<\/span><\/p>\n<p>Diese Organisationen k\u00f6nnen auf unsere Startseite verlinken, solange der Link: (a) in keiner Weise irref\u00fchrend ist; (b) nicht f\u00e4lschlicherweise eine Sponsorship-, Genehmigungs- oder Unterst\u00fctzungsbeziehung zwischen der verlinkenden Partei und deren Produkten oder Dienstleistungen impliziert; und (c) im Kontext der Website der verlinkenden Partei passt.<\/p>\n<p>Wenn Sie eine der in Absatz 2 genannten Organisationen sind und an einem Link zu unserer Website interessiert sind, m\u00fcssen Sie uns per E-Mail an&nbsp;<span style=\"color: var( --e-global-color-0613bf5 ); background-color: var(--ast-global-color-5);\">Symphonie<\/span><span style=\"font-style: inherit; font-weight: inherit; color: var( --e-global-color-0613bf5 ); background-color: var(--ast-global-color-5);\">. Bitte geben Sie Ihren Namen, den Namen Ihrer Organisation, Ihre Kontaktdaten sowie die URL Ihrer Website an, eine Liste der URLs, von denen Sie auf unsere Website verlinken m\u00f6chten, und eine Liste der URLs auf unserer Website, zu denen Sie verlinken m\u00f6chten. Bitte warten Sie 2-3 Wochen auf eine Antwort.<\/span><\/p>\n<p>Genehmigte Organisationen d\u00fcrfen wie folgt auf unsere Website verlinken:<\/p>\n<ul>\n<li>Durch die Verwendung unseres Firmennamens; oder<\/li>\n<li>Durch die Verwendung der URL, zu der verlinkt wird; oder<\/li>\n<li>Durch die Verwendung einer anderen Beschreibung unserer Website, die im Kontext und Format des Inhalts der verlinkenden Partei sinnvoll ist.<\/li>\n<\/ul>\n<p>Die Verwendung des Logos oder anderer Grafiken von Thermovia f\u00fcr das Verlinken ist ohne eine Lizenzvereinbarung f\u00fcr Markenrechte nicht gestattet.<\/p>\n<h3><strong>iFrames<\/strong><\/h3>\n<p>Ohne vorherige Genehmigung und schriftliche Erlaubnis d\u00fcrfen Sie keine Frames um unsere Webseiten erstellen, die die visuelle Darstellung oder das Erscheinungsbild unserer Website in irgendeiner Weise \u00e4ndern.<\/p>\n<h3><strong>Inhaltliche Haftung<\/strong><\/h3>\n<p>Wir \u00fcbernehmen keine Verantwortung f\u00fcr Inhalte, die auf Ihrer Website erscheinen. Sie erkl\u00e4ren sich damit einverstanden, uns gegen alle Anspr\u00fcche zu sch\u00fctzen und zu verteidigen, die sich auf Ihrer Website ergeben. Keine Links sollten auf einer Website erscheinen, die als verleumderisch, obsz\u00f6n oder kriminell interpretiert werden k\u00f6nnten oder die Rechte Dritter verletzt, sonst wie gegen diese verst\u00f6\u00dft oder die Verletzung oder andere Verletzungen solcher Rechte bef\u00fcrwortet.<\/p>\n<h3><strong>Rechtsvorbehalt<\/strong><\/h3>\n<p>Wir behalten uns das Recht vor, von Ihnen die Entfernung aller Links oder eines bestimmten Links zu unserer Website zu verlangen. Sie erkl\u00e4ren sich damit einverstanden, alle Links zu unserer Website auf Anfrage umgehend zu entfernen. Wir behalten uns auch das Recht vor, diese Bedingungen und die Verlinkungsrichtlinien jederzeit zu \u00e4ndern. Durch das fortlaufende Verlinken auf unsere Website erkl\u00e4ren Sie sich damit einverstanden, an diese Verlinkungsbedingungen gebunden zu sein und diese einzuhalten.<\/p>\n<h3><strong>Entfernung von Links von unserer Website<\/strong><\/h3>\n<p>Wenn Sie einen Link auf unserer Website finden, der aus irgendeinem Grund anst\u00f6\u00dfig ist, k\u00f6nnen Sie uns jederzeit kontaktieren und informieren. Wir werden Anfragen zur Entfernung von Links pr\u00fcfen, sind jedoch nicht verpflichtet, dies zu tun oder Ihnen direkt zu antworten.<\/p>\n<p>Wir gew\u00e4hrleisten nicht, dass die Informationen auf dieser Website korrekt sind, wir \u00fcbernehmen keine Garantie f\u00fcr deren Vollst\u00e4ndigkeit oder Genauigkeit; ebenso wenig versprechen wir, dass die Website verf\u00fcgbar bleibt oder dass die Materialien auf der Website aktuell gehalten werden.<\/p>\n<h3><strong>Haftungsausschluss<\/strong><\/h3>\n<p>Soweit nach geltendem Recht zul\u00e4ssig, schlie\u00dfen wir alle Zusicherungen, Garantien und Bedingungen in Bezug auf unsere Website und die Nutzung dieser Website aus. Nichts in diesem Haftungsausschluss wird:<\/p>\n<ul>\n<li>die Haftung f\u00fcr Tod oder Personensch\u00e4den einschr\u00e4nken oder ausschlie\u00dfen;<\/li>\n<li>die Haftung f\u00fcr Betrug oder betr\u00fcgerische Falschaussagen einschr\u00e4nken oder ausschlie\u00dfen;<\/li>\n<li>die Haftung unsererseits oder Ihrerseits in einer Weise einschr\u00e4nken, die nach geltendem Recht nicht zul\u00e4ssig ist; oder<\/li>\n<li>jegliche Haftung unsererseits oder Ihrerseits ausschlie\u00dfen, die nach geltendem Recht nicht ausgeschlossen werden kann.<\/li>\n<\/ul>\n<p>Die Haftungsbeschr\u00e4nkungen und -ausschl\u00fcsse, die in diesem Abschnitt und anderswo in diesem Haftungsausschluss festgelegt sind: (a) unterliegen dem vorstehenden Absatz; und (b) gelten f\u00fcr alle Haftungen, die sich aus dem Haftungsausschluss ergeben, einschlie\u00dflich Haftungen aus Vertr\u00e4gen, unerlaubten Handlungen und Verletzungen gesetzlicher Pflichten.<\/p>\n<p>Solange die Website und die Informationen und Dienstleistungen auf der Website kostenlos bereitgestellt werden, \u00fcbernehmen wir keine Haftung f\u00fcr Verluste oder Sch\u00e4den jeglicher Art.<a href=\"http:\/\/artistsymphoniewien.com\/de\/\" style=\"font-style: inherit; font-weight: inherit;\">artistsymphoniewien.com<\/a>&nbsp;<\/p>\t\t\t\t\t\t\t\t<\/div>\n\t\t\t\t<\/div>\n\t\t\t\t\t<\/div>\n\t\t<\/div>\n\t\t\t\t\t<\/div>\n\t\t<\/section>\n\t\t\t\t\t<\/div>\n\t\t<\/div>\n\t\t\t\t\t<\/div>\n\t\t<\/section>\n\t\t\t\t<\/div>","protected":false},"excerpt":{"rendered":"<p>Terms &#038; Conditions Welcome to Symphonie Wien! These terms and conditions outline the rules and regulations for the use of [&hellip;]<\/p>\n","protected":false},"author":1,"featured_media":0,"parent":0,"menu_order":0,"comment_status":"closed","ping_status":"closed","template":"","meta":{"site-sidebar-layout":"no-sidebar","site-content-layout":"","ast-site-content-layout":"full-width-container","site-content-style":"default","site-sidebar-style":"default","ast-global-header-display":"","ast-banner-title-visibility":"","ast-main-header-display":"","ast-hfb-above-header-display":"","ast-hfb-below-header-display":"","ast-hfb-mobile-header-display":"","site-post-title":"disabled","ast-breadcrumbs-content":"","ast-featured-img":"disabled","footer-sml-layout":"","theme-transparent-header-meta":"","adv-header-id-meta":"","stick-header-meta":"","header-above-stick-meta":"","header-main-stick-meta":"","header-below-stick-meta":"","astra-migrate-meta-layouts":"default","ast-page-background-enabled":"default","ast-page-background-meta":{"desktop":{"background-color":"var(--ast-global-color-4)","background-image":"","background-repeat":"repeat","background-position":"center center","background-size":"auto","background-attachment":"scroll","background-type":"","background-media":"","overlay-type":"","overlay-color":"","overlay-opacity":"","overlay-gradient":""},"tablet":{"background-color":"","background-image":"","background-repeat":"repeat","background-position":"center center","background-size":"auto","background-attachment":"scroll","background-type":"","background-media":"","overlay-type":"","overlay-color":"","overlay-opacity":"","overlay-gradient":""},"mobile":{"background-color":"","background-image":"","background-repeat":"repeat","background-position":"center center","background-size":"auto","background-attachment":"scroll","background-type":"","background-media":"","overlay-type":"","overlay-color":"","overlay-opacity":"","overlay-gradient":""}},"ast-content-background-meta":{"desktop":{"background-color":"var(--ast-global-color-5)","background-image":"","background-repeat":"repeat","background-position":"center center","background-size":"auto","background-attachment":"scroll","background-type":"","background-media":"","overlay-type":"","overlay-color":"","overlay-opacity":"","overlay-gradient":""},"tablet":{"background-color":"var(--ast-global-color-5)","background-image":"","background-repeat":"repeat","background-position":"center center","background-size":"auto","background-attachment":"scroll","background-type":"","background-media":"","overlay-type":"","overlay-color":"","overlay-opacity":"","overlay-gradient":""},"mobile":{"background-color":"var(--ast-global-color-5)","background-image":"","background-repeat":"repeat","background-position":"center center","background-size":"auto","background-attachment":"scroll","background-type":"","background-media":"","overlay-type":"","overlay-color":"","overlay-opacity":"","overlay-gradient":""}},"footnotes":""},"class_list":["post-299","page","type-page","status-publish","hentry"],"_links":{"self":[{"href":"https:\/\/artistsymphoniewien.com\/de\/wp-json\/wp\/v2\/pages\/299","targetHints":{"allow":["GET"]}}],"collection":[{"href":"https:\/\/artistsymphoniewien.com\/de\/wp-json\/wp\/v2\/pages"}],"about":[{"href":"https:\/\/artistsymphoniewien.com\/de\/wp-json\/wp\/v2\/types\/page"}],"author":[{"embeddable":true,"href":"https:\/\/artistsymphoniewien.com\/de\/wp-json\/wp\/v2\/users\/1"}],"replies":[{"embeddable":true,"href":"https:\/\/artistsymphoniewien.com\/de\/wp-json\/wp\/v2\/comments?post=299"}],"version-history":[{"count":13,"href":"https:\/\/artistsymphoniewien.com\/de\/wp-json\/wp\/v2\/pages\/299\/revisions"}],"predecessor-version":[{"id":412,"href":"https:\/\/artistsymphoniewien.com\/de\/wp-json\/wp\/v2\/pages\/299\/revisions\/412"}],"wp:attachment":[{"href":"https:\/\/artistsymphoniewien.com\/de\/wp-json\/wp\/v2\/media?parent=299"}],"curies":[{"name":"wp","href":"https:\/\/api.w.org\/{rel}","templated":true}]}}